{"id":7245,"date":"2019-08-26T04:14:45","date_gmt":"2019-08-26T04:14:45","guid":{"rendered":"http:\/\/maenew.fca.uas.edu.mx\/?page_id=7245"},"modified":"2020-05-05T23:27:54","modified_gmt":"2020-05-05T23:27:54","slug":"nucleo-academico-basico","status":"publish","type":"page","link":"https:\/\/mae.posgrado.fca.uas.edu.mx\/index.php\/nucleo-academico-basico\/","title":{"rendered":"N\u00facleo Acad\u00e9mico B\u00e1sico"},"content":{"rendered":"<p>[vc_section][vc_row][vc_column][vc_column_text]<\/p>\n<p style=\"text-align: justify; font-size: 18px; line-height: 30px;\">Uno de los elementos importantes y que le da fortaleza al programa es la conformaci\u00f3n de su N\u00facleo Acad\u00e9mico B\u00e1sico (NAB) de profesores-tutores del Programa de Doctorado en Administraci\u00f3n Estrat\u00e9gica, el cual est\u00e1 integrado por 13 miembros dedicados de tiempo completo que atienden 2 l\u00edneas de generaci\u00f3n y aplicaci\u00f3n del conocimiento (LGAC). Todos tienen grado de Doctorado en ciencias de la administraci\u00f3n y afines. Un dato importantes corresponde a que el 92 % de los maestros del NAB obtuvieron el grado acad\u00e9mico m\u00e1s alto en una IES externa, con ello se atiende la recomendaci\u00f3n de CONACYT de evitar la endogamia acad\u00e9mica, asimismo el 53 % del NAB son miembros del Sistema Nacional de Investigadores (SNI), adem\u00e1s 46 % cuentan con perfil PROMEP, de igual forma el 62 % son miembros de Colegios o Asociaciones de profesionistas en las ciencias Contables, Administrativas y Econ\u00f3micas, con trayectoria y experiencia en el ejercicio profesional. En la siguiente tabla se muestra el n\u00facleo acad\u00e9mico b\u00e1sico en relaci\u00f3n con las LGAC del programa.<\/p>\n<p>[\/vc_column_text][\/vc_column][\/vc_row][vc_row][vc_column]<div\n\tclass=\"thim-sc-heading text-center layout-2 \">\n\t<div class=\"heading-content\">\n\n\t\t\n\t\t<h3 class=\"primary-heading\">Miembros del N\u00facleo Acad\u00e9mico B\u00e1sico por LGAC y nivel acad\u00e9mico<\/h3>\t<\/div>\n\t\t\t<p class=\"secondary-heading\">\n\t\t\tDoctorado en Administraci\u00f3n Estrat\u00e9gica\t\t<\/p>\n\t\t\t\t<span class=\"underline\"><\/span>\n\t<\/div>\n[\/vc_column][\/vc_row][vc_row][vc_column][vc_tta_tabs][vc_tta_section title=&#8221;LGAC 1 &#8211; Innovaci\u00f3n financiera, marketing y Negocios Internacionales&#8221; tab_id=&#8221;1588309054717-1fe50142-5ea7&#8243;][vc_raw_html]JTVCdGFibGUlMjBpZCUzRDEyJTIwJTJGJTVE[\/vc_raw_html][\/vc_tta_section][vc_tta_section title=&#8221;LGAC 2 &#8211; Gesti\u00f3n, innovaci\u00f3n y desarrollo sostenible en las organizaciones&#8221; tab_id=&#8221;1588309054740-07d2d57e-6b2e&#8221;][vc_raw_html]JTVCdGFibGUlMjBpZCUzRDEzJTIwJTJGJTVE[\/vc_raw_html][\/vc_tta_section][\/vc_tta_tabs][\/vc_column][\/vc_row][vc_row][vc_column][vc_column_text]<\/p>\n<p style=\"text-align: justify; font-size: 18px; line-height: 30px;\">Los profesores que constituyen el N\u00facleo Acad\u00e9mico B\u00e1sico del DAE participan en 5 Cuerpos Acad\u00e9micos como se muestra en la tabla anterior. Una de las caracter\u00edsticas es la afinidad de las LGAC de estos grupos de investigaci\u00f3n con las que oferta el programa.<\/p>\n<p style=\"text-align: justify; font-size: 18px; line-height: 30px;\">Tambi\u00e9n se conform\u00f3 un n\u00facleo de profesores de tiempo parcial interno que reforzar\u00e1n la academia con la aportaci\u00f3n de sus experiencias y conocimientos en el \u00e1mbito del ejercicio profesional.<\/p>\n<p>[\/vc_column_text]<div\n\tclass=\"thim-sc-heading text-center layout-2 \">\n\t<div class=\"heading-content\">\n\n\t\t\n\t\t<h3 class=\"primary-heading\">Profesores de tiempo parcial interno<\/h3>\t<\/div>\n\t\t\t\t<span class=\"underline\"><\/span>\n\t<\/div>\n[vc_raw_html]JTVCdGFibGUlMjBpZCUzRDE4JTIwJTJGJTVE[\/vc_raw_html]<div\n\tclass=\"thim-sc-heading text-center layout-2 \">\n\t<div class=\"heading-content\">\n\n\t\t\n\t\t<h3 class=\"primary-heading\">Profesores de tiempo parcial externo<\/h3>\t<\/div>\n\t\t\t\t<span class=\"underline\"><\/span>\n\t<\/div>\n[vc_raw_html]JTVCdGFibGUlMjBpZCUzRDIwJTIwJTJGJTVE[\/vc_raw_html][\/vc_column][\/vc_row][\/vc_section]<\/p>\n","protected":false},"excerpt":{"rendered":"<p>[vc_section][vc_row][vc_column][vc_column_text] Uno de los elementos importantes y que le da fortaleza al programa es la conformaci\u00f3n de su N\u00facleo Acad\u00e9mico&#8230;<\/p>\n","protected":false},"author":2,"featured_media":0,"parent":0,"menu_order":0,"comment_status":"closed","ping_status":"closed","template":"","meta":[],"_links":{"self":[{"href":"https:\/\/mae.posgrado.fca.uas.edu.mx\/index.php\/wp-json\/wp\/v2\/pages\/7245"}],"collection":[{"href":"https:\/\/mae.posgrado.fca.uas.edu.mx\/index.php\/wp-json\/wp\/v2\/pages"}],"about":[{"href":"https:\/\/mae.posgrado.fca.uas.edu.mx\/index.php\/wp-json\/wp\/v2\/types\/page"}],"author":[{"embeddable":true,"href":"https:\/\/mae.posgrado.fca.uas.edu.mx\/index.php\/wp-json\/wp\/v2\/users\/2"}],"replies":[{"embeddable":true,"href":"https:\/\/mae.posgrado.fca.uas.edu.mx\/index.php\/wp-json\/wp\/v2\/comments?post=7245"}],"version-history":[{"count":14,"href":"https:\/\/mae.posgrado.fca.uas.edu.mx\/index.php\/wp-json\/wp\/v2\/pages\/7245\/revisions"}],"predecessor-version":[{"id":8134,"href":"https:\/\/mae.posgrado.fca.uas.edu.mx\/index.php\/wp-json\/wp\/v2\/pages\/7245\/revisions\/8134"}],"wp:attachment":[{"href":"https:\/\/mae.posgrado.fca.uas.edu.mx\/index.php\/wp-json\/wp\/v2\/media?parent=7245"}],"curies":[{"name":"wp","href":"https:\/\/api.w.org\/{rel}","templated":true}]}}