{"id":7261,"date":"2019-08-26T04:42:57","date_gmt":"2019-08-26T04:42:57","guid":{"rendered":"http:\/\/maenew.fca.uas.edu.mx\/?page_id=7261"},"modified":"2020-05-03T06:18:06","modified_gmt":"2020-05-03T06:18:06","slug":"competencias","status":"publish","type":"page","link":"https:\/\/mae.posgrado.fca.uas.edu.mx\/index.php\/competencias\/","title":{"rendered":"Competencias"},"content":{"rendered":"<p>[vc_section][vc_row][vc_column]<div class=\"thim-sc-image-box left \">\n\t<section id=\"title1\">\n\t\t<div class=\"row no-gutters\">\n\t\t\t<div class=\"col-sm-12 col-lg-6 image-box\">\n\t\t\t\t<img src=\"https:\/\/mae.posgrado.fca.uas.edu.mx\/wp-content\/uploads\/2020\/04\/img-21.jpeg\" alt=\"Objetivo\">\n\t\t\t\t<span class=\"number\" style=\"color: rgba(255,255,255,0.6)\"><\/span>\n\t\t\t<\/div>\n\t\t\t<div class=\"col-sm-12 col-lg-6 text-content\">\n\t\t\t\t\t\t\t\t\t<img src=\"\" class=\"bg-content\" >\n\t\t\t\t\t\t\t\t<div class=\"text-content-inner\">\n\t\t\t\t\t<h3 class=\"title-box\">Objetivo<\/h3>\n\t\t\t\t\t<p class=\"sub-title\"><\/p>\n\t\t\t\t\t<p class=\"underline\"><\/p>\n\t\t\t\t\t<div class=\"content\"><p>Formar doctores con alto conocimiento de investigaci\u00f3n aplicada y con un profundo dominio de perspectivas te\u00f3ricas interdisciplinarias en el \u00e1rea del conocimiento de las ciencias administrativas, habilitados para la aplicaci\u00f3n rigurosa de la metodolog\u00eda cient\u00edfica que les permitan desarrollar investigaci\u00f3n original, cr\u00edtica y propositiva, capacitados para identificar problemas estructurales y coyunturales de su campo de actuaci\u00f3n y plantear estrategias y alternativas de soluci\u00f3n a los complejos problemas de los organismos privados y p\u00fablicos y que esto incida en la creaci\u00f3n y desarrollo de nuevos dise\u00f1os organizativos e institucionales; dispuestos a intervenir con sentido \u00e9tico, y con un serio compromiso social hacia el mejoramiento de los actuales niveles de bienestar econ\u00f3mico de la sociedad.<\/p>\n<\/div>\n\t\t\t\t<\/div>\n\t\t\t<\/div>\n\t\t<\/div>\n\t<\/section>\n<\/div>\n<div class=\"thim-sc-image-box right \">\n\t<section id=\"title1\">\n\t\t<div class=\"row no-gutters\">\n\t\t\t<div class=\"col-sm-12 col-lg-6 image-box\">\n\t\t\t\t<img src=\"https:\/\/mae.posgrado.fca.uas.edu.mx\/wp-content\/uploads\/2020\/04\/img-22.jpeg\" alt=\"Perfil de egreso\">\n\t\t\t\t<span class=\"number\" style=\"color: rgba(255,255,255,0.6)\"><\/span>\n\t\t\t<\/div>\n\t\t\t<div class=\"col-sm-12 col-lg-6 text-content\">\n\t\t\t\t\t\t\t\t\t<img src=\"\" class=\"bg-content\" >\n\t\t\t\t\t\t\t\t<div class=\"text-content-inner\">\n\t\t\t\t\t<h3 class=\"title-box\">Perfil de egreso<\/h3>\n\t\t\t\t\t<p class=\"sub-title\"><\/p>\n\t\t\t\t\t<p class=\"underline\"><\/p>\n\t\t\t\t\t<div class=\"content\"><p>Para el dise\u00f1o de las competencias gen\u00e9ricas y espec\u00edficas del Doctorado en Administraci\u00f3n Estrat\u00e9gica se ha tenido en cuenta el Modelo Educativo de la Universidad Aut\u00f3noma de Sinaloa modificado el a\u00f1o 2017, en el cual, al t\u00e9rmino del programa, el egresado mostrar\u00e1 dominio de las siguientes competencias:<\/p>\n<\/div>\n\t\t\t\t<\/div>\n\t\t\t<\/div>\n\t\t<\/div>\n\t<\/section>\n<\/div>\n[\/vc_column][\/vc_row][vc_row][vc_column][vc_empty_space][\/vc_column][\/vc_row][vc_row][vc_column][vc_raw_html]JTVCdGFibGUlMjBpZCUzRDEwJTIwJTJGJTVE[\/vc_raw_html][\/vc_column][\/vc_row][vc_row][vc_column][vc_raw_html]JTVCdGFibGUlMjBpZCUzRDExJTIwJTJGJTVE[\/vc_raw_html][\/vc_column][\/vc_row][\/vc_section][vc_row][vc_column]<div class=\"thim-sc-text-box left size-default \">\n\t\n\t\n\t<\/div>\n[\/vc_column][\/vc_row]<\/p>\n","protected":false},"excerpt":{"rendered":"<p>[vc_section][vc_row][vc_column][\/vc_column][\/vc_row][vc_row][vc_column][vc_empty_space][\/vc_column][\/vc_row][vc_row][vc_column][vc_raw_html]JTVCdGFibGUlMjBpZCUzRDEwJTIwJTJGJTVE[\/vc_raw_html][\/vc_column][\/vc_row][vc_row][vc_column][vc_raw_html]JTVCdGFibGUlMjBpZCUzRDExJTIwJTJGJTVE[\/vc_raw_html][\/vc_column][\/vc_row][\/vc_section][vc_row][vc_column][\/vc_column][\/vc_row]<\/p>\n","protected":false},"author":2,"featured_media":0,"parent":0,"menu_order":0,"comment_status":"closed","ping_status":"closed","template":"","meta":[],"_links":{"self":[{"href":"https:\/\/mae.posgrado.fca.uas.edu.mx\/index.php\/wp-json\/wp\/v2\/pages\/7261"}],"collection":[{"href":"https:\/\/mae.posgrado.fca.uas.edu.mx\/index.php\/wp-json\/wp\/v2\/pages"}],"about":[{"href":"https:\/\/mae.posgrado.fca.uas.edu.mx\/index.php\/wp-json\/wp\/v2\/types\/page"}],"author":[{"embeddable":true,"href":"https:\/\/mae.posgrado.fca.uas.edu.mx\/index.php\/wp-json\/wp\/v2\/users\/2"}],"replies":[{"embeddable":true,"href":"https:\/\/mae.posgrado.fca.uas.edu.mx\/index.php\/wp-json\/wp\/v2\/comments?post=7261"}],"version-history":[{"count":6,"href":"https:\/\/mae.posgrado.fca.uas.edu.mx\/index.php\/wp-json\/wp\/v2\/pages\/7261\/revisions"}],"predecessor-version":[{"id":8045,"href":"https:\/\/mae.posgrado.fca.uas.edu.mx\/index.php\/wp-json\/wp\/v2\/pages\/7261\/revisions\/8045"}],"wp:attachment":[{"href":"https:\/\/mae.posgrado.fca.uas.edu.mx\/index.php\/wp-json\/wp\/v2\/media?parent=7261"}],"curies":[{"name":"wp","href":"https:\/\/api.w.org\/{rel}","templated":true}]}}