{"id":7583,"date":"2020-03-02T02:53:52","date_gmt":"2020-03-02T02:53:52","guid":{"rendered":"http:\/\/maenew.fca.uas.edu.mx\/?page_id=7583"},"modified":"2020-05-03T03:32:48","modified_gmt":"2020-05-03T03:32:48","slug":"lgac","status":"publish","type":"page","link":"https:\/\/mae.posgrado.fca.uas.edu.mx\/index.php\/lgac\/","title":{"rendered":"LGAC"},"content":{"rendered":"<p>[vc_row][vc_column]<div\n\tclass=\"thim-sc-heading text-center layout-2 \">\n\t<div class=\"heading-content\">\n\n\t\t\n\t\t<h3 class=\"primary-heading\">L\u00edneas Generaci\u00f3n y\/o Aplicaci\u00f3n del Conocimiento<\/h3>\t<\/div>\n\t\t\t<p class=\"secondary-heading\">\n\t\t\t(LGAC)\t\t<\/p>\n\t\t\t\t<span class=\"underline\"><\/span>\n\t<\/div>\n[\/vc_column][\/vc_row][vc_row][vc_column][vc_separator][\/vc_column][\/vc_row][vc_row][vc_column][vc_column_text]<\/p>\n<p style=\"text-align: justify; font-size: 18px; line-height: 30px;\">Los programas con orientaci\u00f3n profesional se caracterizan por la generaci\u00f3n del conocimiento y su aplicaci\u00f3n, implican la concepci\u00f3n y estudio de m\u00e9todos para resolver problemas y contribuir al desarrollo socioecon\u00f3mico, el Programa de DAE contempla dos l\u00edneas de investigaci\u00f3n que, acordes a la realidad actual gu\u00edan el trabajo la investigaci\u00f3n y docencia a nivel de posgrado:<\/p>\n<h3>Innovaci\u00f3n financiera, marketing y Negocios internacionales<\/h3>\n<p style=\"text-align: justify; font-size: 18px; line-height: 30px;\">El prop\u00f3sito de esta l\u00ednea es brindar por medio de sus ejes tem\u00e1ticos las herramientas contempor\u00e1neas que son pertinentes con las tendencias de la gesti\u00f3n financiera, as\u00ed como tambi\u00e9n, para la aplicaci\u00f3n del desarrollo de nuevas estrategias de marketing y la gesti\u00f3n innovadora de los negocios internacionales con base en la demanda del entorno global. Logrando con ello organizaciones m\u00e1s competitivas que mejoren los indicadores de bienestar y el desarrollo socio-econ\u00f3mico de la regi\u00f3n y el Estado.<\/p>\n<h3>Gesti\u00f3n, innovaci\u00f3n y desarrollo sostenible en las organizaciones<\/h3>\n<p style=\"text-align: justify; font-size: 18px; line-height: 30px;\">Se consideran en esta l\u00ednea los estudios que contribuyan a la elaboraci\u00f3n de diagn\u00f3sticos, dise\u00f1o de propuestas de intervenci\u00f3n, evaluaci\u00f3n y seguimiento a proyectos innovadores que incidan en el mejoramiento de las organizaciones desde la perspectiva del desarrollo sostenible.<\/p>\n<p>[\/vc_column_text][\/vc_column][\/vc_row]<\/p>\n","protected":false},"excerpt":{"rendered":"<p>[vc_row][vc_column][\/vc_column][\/vc_row][vc_row][vc_column][vc_separator][\/vc_column][\/vc_row][vc_row][vc_column][vc_column_text] Los programas con orientaci\u00f3n profesional se caracterizan por la generaci\u00f3n del conocimiento y su aplicaci\u00f3n, implican la concepci\u00f3n y&#8230;<\/p>\n","protected":false},"author":2,"featured_media":0,"parent":0,"menu_order":0,"comment_status":"closed","ping_status":"closed","template":"","meta":[],"_links":{"self":[{"href":"https:\/\/mae.posgrado.fca.uas.edu.mx\/index.php\/wp-json\/wp\/v2\/pages\/7583"}],"collection":[{"href":"https:\/\/mae.posgrado.fca.uas.edu.mx\/index.php\/wp-json\/wp\/v2\/pages"}],"about":[{"href":"https:\/\/mae.posgrado.fca.uas.edu.mx\/index.php\/wp-json\/wp\/v2\/types\/page"}],"author":[{"embeddable":true,"href":"https:\/\/mae.posgrado.fca.uas.edu.mx\/index.php\/wp-json\/wp\/v2\/users\/2"}],"replies":[{"embeddable":true,"href":"https:\/\/mae.posgrado.fca.uas.edu.mx\/index.php\/wp-json\/wp\/v2\/comments?post=7583"}],"version-history":[{"count":3,"href":"https:\/\/mae.posgrado.fca.uas.edu.mx\/index.php\/wp-json\/wp\/v2\/pages\/7583\/revisions"}],"predecessor-version":[{"id":8027,"href":"https:\/\/mae.posgrado.fca.uas.edu.mx\/index.php\/wp-json\/wp\/v2\/pages\/7583\/revisions\/8027"}],"wp:attachment":[{"href":"https:\/\/mae.posgrado.fca.uas.edu.mx\/index.php\/wp-json\/wp\/v2\/media?parent=7583"}],"curies":[{"name":"wp","href":"https:\/\/api.w.org\/{rel}","templated":true}]}}