{"id":7733,"date":"2020-04-02T07:15:17","date_gmt":"2020-04-02T07:15:17","guid":{"rendered":"http:\/\/maenew.fca.uas.edu.mx\/?page_id=7733"},"modified":"2020-05-01T05:22:49","modified_gmt":"2020-05-01T05:22:49","slug":"productividad","status":"publish","type":"page","link":"https:\/\/mae.posgrado.fca.uas.edu.mx\/index.php\/productividad\/","title":{"rendered":"Productividad"},"content":{"rendered":"<p>[vc_row][vc_column]<div\n\tclass=\"thim-sc-heading text-center layout-2 \">\n\t<div class=\"heading-content\">\n\n\t\t\n\t\t<h3 class=\"primary-heading\">Productividad acad\u00e9mica<\/h3>\t<\/div>\n\t\t\t\t<span class=\"underline\"><\/span>\n\t<\/div>\n[vc_column_text]El doctorado se encuentra en su primer generaci\u00f3n por lo que no contamos con productividad, una vez que inicien esa etapa este apartado se modificar\u00e1 mostrando la informaci\u00f3n requerida.[\/vc_column_text][\/vc_column][\/vc_row]<\/p>\n","protected":false},"excerpt":{"rendered":"<p>[vc_row][vc_column][vc_column_text]El doctorado se encuentra en su primer generaci\u00f3n por lo que no contamos con productividad, una vez que inicien esa&#8230;<\/p>\n","protected":false},"author":2,"featured_media":0,"parent":0,"menu_order":0,"comment_status":"closed","ping_status":"closed","template":"","meta":[],"_links":{"self":[{"href":"https:\/\/mae.posgrado.fca.uas.edu.mx\/index.php\/wp-json\/wp\/v2\/pages\/7733"}],"collection":[{"href":"https:\/\/mae.posgrado.fca.uas.edu.mx\/index.php\/wp-json\/wp\/v2\/pages"}],"about":[{"href":"https:\/\/mae.posgrado.fca.uas.edu.mx\/index.php\/wp-json\/wp\/v2\/types\/page"}],"author":[{"embeddable":true,"href":"https:\/\/mae.posgrado.fca.uas.edu.mx\/index.php\/wp-json\/wp\/v2\/users\/2"}],"replies":[{"embeddable":true,"href":"https:\/\/mae.posgrado.fca.uas.edu.mx\/index.php\/wp-json\/wp\/v2\/comments?post=7733"}],"version-history":[{"count":2,"href":"https:\/\/mae.posgrado.fca.uas.edu.mx\/index.php\/wp-json\/wp\/v2\/pages\/7733\/revisions"}],"predecessor-version":[{"id":7976,"href":"https:\/\/mae.posgrado.fca.uas.edu.mx\/index.php\/wp-json\/wp\/v2\/pages\/7733\/revisions\/7976"}],"wp:attachment":[{"href":"https:\/\/mae.posgrado.fca.uas.edu.mx\/index.php\/wp-json\/wp\/v2\/media?parent=7733"}],"curies":[{"name":"wp","href":"https:\/\/api.w.org\/{rel}","templated":true}]}}