{"id":7761,"date":"2020-04-30T04:13:31","date_gmt":"2020-04-30T04:13:31","guid":{"rendered":"https:\/\/dae.posgrado.fca.uas.edu.mx\/?page_id=7761"},"modified":"2025-12-05T10:36:55","modified_gmt":"2025-12-05T17:36:55","slug":"index","status":"publish","type":"page","link":"https:\/\/mae.posgrado.fca.uas.edu.mx\/","title":{"rendered":"Index"},"content":{"rendered":"<p>[vc_section full_width=&#8221;stretch_row_content&#8221; css=&#8221;.vc_custom_1588229915501{background: #d3d3d3 url(https:\/\/mae.posgrado.fca.uas.edu.mx\/wp-content\/uploads\/2020\/04\/banner-posgrado-dae.jpg?id=7904) !important;background-position: center !important;background-repeat: no-repeat !important;background-size: cover !important;}&#8221;][vc_row full_width=&#8221;stretch_row&#8221; full_height=&#8221;yes&#8221;][vc_column][vc_empty_space height=&#8221;88px&#8221;][vc_wp_text]<\/p>\n<h1 style=\"text-align: center; color: white;\"><strong>Maestr\u00eda en Administraci\u00f3n Estrat\u00e9gica<\/strong><\/h1>\n<p style=\"text-align: center; color: white;\">Programa con un s\u00f3lido reconocimiento social y empresarial<\/p>\n<p>[\/vc_wp_text][vc_row_inner el_class=&#8221;list-iconbox&#8221;][vc_column_inner]\n<div\n\tclass=\"thim-sc-icon-box  layout-2 style_kit\">\n\t<a href=\"\/index.php\/lgac\/\" target=\"\">\t<div class=\"icon-box-wrapper\" style=\" border-color: #ffffff; color: #ffffff;\">\n\t\t\t\t\t<div class=\"box-icon\" style=\"background-color: ;\">\n\t\t\t\t<img class=\"image-upload\" src=\"https:\/\/mae.posgrado.fca.uas.edu.mx\/wp-content\/uploads\/2020\/05\/lgac-2.png\" width=\"43\" height=\"56\" alt=\"LGAC\">\t\t\t<\/div>\n\t\t\t\t<div class=\"box-content\">\n\t\t\t\t\t\t\t<h3 class=\"title\">\n\t\t\t\t\tLGAC\t\t\t\t<\/h3>\n\t\t\t\t\t\t\t\t<\/div>\n\t<\/div>\n\t<\/a><\/div>\n\n\n\n<div\n\tclass=\"thim-sc-icon-box  layout-2 style_kit\">\n\t<a href=\"\/index.php\/plan-de-estudio\/\" target=\"\">\t<div class=\"icon-box-wrapper\" style=\" border-color: #ffffff; color: #ffffff;\">\n\t\t\t\t\t<div class=\"box-icon\" style=\"background-color: ;\">\n\t\t\t\t<img class=\"image-upload\" src=\"https:\/\/mae.posgrado.fca.uas.edu.mx\/wp-content\/uploads\/2020\/05\/plan-de-estudio.png\" width=\"58\" height=\"35\" alt=\"Plan de Estudio\">\t\t\t<\/div>\n\t\t\t\t<div class=\"box-content\">\n\t\t\t\t\t\t\t<h3 class=\"title\">\n\t\t\t\t\tPlan de Estudio\t\t\t\t<\/h3>\n\t\t\t\t\t\t\t\t<\/div>\n\t<\/div>\n\t<\/a><\/div>\n\n\n\n<div\n\tclass=\"thim-sc-icon-box  layout-2 style_kit\">\n\t<a href=\"\/index.php\/nucleo-academico-basico\/\" target=\"\">\t<div class=\"icon-box-wrapper\" style=\" border-color: #ffffff; color: #ffffff;\">\n\t\t\t\t\t<div class=\"box-icon\" style=\"background-color: ;\">\n\t\t\t\t<img class=\"image-upload\" src=\"https:\/\/mae.posgrado.fca.uas.edu.mx\/wp-content\/uploads\/2020\/05\/nab.png\" width=\"59\" height=\"59\" alt=\"NAB\">\t\t\t<\/div>\n\t\t\t\t<div class=\"box-content\">\n\t\t\t\t\t\t\t<h3 class=\"title\">\n\t\t\t\t\tNAB\t\t\t\t<\/h3>\n\t\t\t\t\t\t\t\t<\/div>\n\t<\/div>\n\t<\/a><\/div>\n\n\n\n<div\n\tclass=\"thim-sc-icon-box  layout-2 style_kit\">\n\t<a href=\"\/index.php\/normatividad\/\" target=\"\">\t<div class=\"icon-box-wrapper\" style=\" border-color: #ffffff; color: #ffffff;\">\n\t\t\t\t\t<div class=\"box-icon\" style=\"background-color: ;\">\n\t\t\t\t<img class=\"image-upload\" src=\"https:\/\/mae.posgrado.fca.uas.edu.mx\/wp-content\/uploads\/2020\/05\/normatividad.png\" width=\"57\" height=\"53\" alt=\"Normativa\">\t\t\t<\/div>\n\t\t\t\t<div class=\"box-content\">\n\t\t\t\t\t\t\t<h3 class=\"title\">\n\t\t\t\t\tNormativa\t\t\t\t<\/h3>\n\t\t\t\t\t\t\t\t<\/div>\n\t<\/div>\n\t<\/a><\/div>\n\n\n[\/vc_column_inner][\/vc_row_inner][\/vc_column][\/vc_row][vc_row][vc_column][\/vc_column][\/vc_row][vc_row disable_element=&#8221;yes&#8221;][vc_column]<div class=\"thim-sc-image-box left \">\n\t<section id=\"title1\">\n\t\t<div class=\"row no-gutters\">\n\t\t\t<div class=\"col-sm-12 col-lg-6 image-box\">\n\t\t\t\t<img src=\"https:\/\/mae.posgrado.fca.uas.edu.mx\/wp-content\/uploads\/2021\/02\/Lydieth.jpg\" alt=\"Dra. Lidyeth Azucena Sandoval Barraza\">\n\t\t\t\t<span class=\"number\" style=\"color: rgba(255,255,255,0.6)\"><\/span>\n\t\t\t<\/div>\n\t\t\t<div class=\"col-sm-12 col-lg-6 text-content\">\n\t\t\t\t\t\t\t\t<div class=\"text-content-inner\">\n\t\t\t\t\t<h3 class=\"title-box\">Dra. Lidyeth Azucena Sandoval Barraza<\/h3>\n\t\t\t\t\t<p class=\"sub-title\">Coordinadora General de Investigaci\u00f3n y Posgrado<\/p>\n\t\t\t\t\t<p class=\"underline\"><\/p>\n\t\t\t\t\t<div class=\"content\"><p>El Doctorado en Administraci\u00f3n Estrat\u00e9gica (DAE), surge principalmente como instrumento para la atenci\u00f3n a las necesidades sociales que tanto internacional, nacional y regionalmente est\u00e1n demandando en materia de investigaci\u00f3n y competitividad empresarial, en ese sentido el objetivo del DAE es formar doctores con alto conocimiento de investigaci\u00f3n aplicada y con un profundo dominio de perspectivas te\u00f3ricas interdisciplinarias en el \u00e1rea del conocimiento de las ciencias administrativas, habilitados para la aplicaci\u00f3n rigurosa de la metodolog\u00eda cient\u00edfica que les permitan desarrollar investigaci\u00f3n original, cr\u00edtica y propositiva, capacitados para identificar problemas estructurales y coyunturales de su campo de actuaci\u00f3n y plantear estrategias y alternativas de soluci\u00f3n a los complejos problemas de los organismos privados y p\u00fablicos y que esto incida en la creaci\u00f3n y desarrollo de nuevos dise\u00f1os organizativos e institucionales; dispuestos a intervenir con sentido \u00e9tico, y con un serio compromiso social hacia el mejoramiento de los actuales niveles de bienestar econ\u00f3mico de la sociedad.<\/p>\n<p>Este programa de estudios se inscribe en los principios rectores de la ense\u00f1anza superior en M\u00e9xico respecto a la libertad acad\u00e9mica, la articulaci\u00f3n formaci\u00f3n- investigaci\u00f3n-innovaci\u00f3n, la diversidad cultural y la internacionalizaci\u00f3n del posgrado. Al mismo tiempo, con este posgrado, se pretende satisfacer la creciente demanda de estudio de alto nivel y calidad en la regi\u00f3n mediante un doctorado con orientaci\u00f3n profesional.<\/p>\n<\/div>\n\t\t\t\t<\/div>\n\t\t\t<\/div>\n\t\t<\/div>\n\t<\/section>\n<\/div>\n<div class=\"thim-sc-image-box right \">\n\t<section id=\"ocultar\">\n\t\t<div class=\"row no-gutters\">\n\t\t\t<div class=\"col-sm-12 col-lg-6 image-box\">\n\t\t\t\t<img src=\"https:\/\/mae.posgrado.fca.uas.edu.mx\/wp-content\/uploads\/2020\/04\/eleazar.jpg\" alt=\"Dr. Eleazar Gonz\u00e1lez \u00c1lvarez\">\n\t\t\t\t<span class=\"number\" style=\"color: rgba(255,255,255,0.6)\"><\/span>\n\t\t\t<\/div>\n\t\t\t<div class=\"col-sm-12 col-lg-6 text-content\">\n\t\t\t\t\t\t\t\t<div class=\"text-content-inner\">\n\t\t\t\t\t<h3 class=\"title-box\">Dr. Eleazar Gonz\u00e1lez \u00c1lvarez<\/h3>\n\t\t\t\t\t<p class=\"sub-title\">Coordinador del Doctorado en Administraci\u00f3n Estrat\u00e9gica<\/p>\n\t\t\t\t\t<p class=\"underline\"><\/p>\n\t\t\t\t\t<div class=\"content\"><p>Este programa de posgrado est\u00e1 dirigido a profesionales con experiencia que requieren nuevas habilidades y conocimientos, los contenidos tendr\u00e1n una naturaleza aplicada y mayor \u00e9nfasis en pr\u00e1cticas profesionales realizadas en el lugar de trabajo o en organizaciones de los diversos sectores, como estrategia para consolidar los v\u00ednculos con la sociedad.<\/p>\n<p>En este sentido, cabe se\u00f1alar que el programa del DAE cuenta con una amplia vinculaci\u00f3n con el sector empresarial, as\u00ed mismo, contempla tambi\u00e9n actividades de apoyo y regulaci\u00f3n sobre el desarrollo del proyecto de titulaci\u00f3n. Adem\u00e1s, el presente programa est\u00e1 dise\u00f1ado por medio de un sistema de competencias para formar profesionistas competitivos que el entorno nacional requiere y se ofrece bajo la modalidad presencial en la ciudad de Culiac\u00e1n, Sinaloa, M\u00e9xico.<\/p>\n<p>Porque las complejidades que aquejan a las organizaciones requieren soluciones integrales, el programa se constituye con diferentes saberes que promuevan el desarrollo de nuevos enfoques metodol\u00f3gicos para la resoluci\u00f3n de problemas, desde el abordaje de los objetos de estudio a partir de diversos campos disciplinares, esenciales: finanzas, administraci\u00f3n, mercadotecnia y negocios internacionales<\/p>\n<\/div>\n\t\t\t\t<\/div>\n\t\t\t<\/div>\n\t\t<\/div>\n\t<\/section>\n<\/div>\n[\/vc_column][\/vc_row][\/vc_section][vc_section][vc_row][vc_column]<div\n\tclass=\"thim-sc-heading text-center layout-2 \">\n\t<div class=\"heading-content\">\n\n\t\t\n\t\t<h3 class=\"primary-heading\">Noticias y Convocatorias<\/h3>\t<\/div>\n\t\t\t<p class=\"secondary-heading\">\n\t\t\tConoce las \u00faltimas publicaciones realizadas del DAE\t\t<\/p>\n\t\t\t\t<span class=\"underline\"><\/span>\n\t<\/div>\n[vc_row_inner][vc_column_inner][vc_text_separator title=&#8221;Tr\u00edptico&#8221;][vc_single_image image=&#8221;8587&#8243; img_size=&#8221;full&#8221; alignment=&#8221;center&#8221;][vc_btn title=&#8221;Descargar tr\u00edptico&#8221; color=&#8221;primary&#8221; align=&#8221;center&#8221; link=&#8221;url:https%3A%2F%2Fdae.posgrado.fca.uas.edu.mx%2Fwp-content%2Fuploads%2F2023%2F11%2FTr%C3%ADptico-UAS-Doctorado-en-Administraci%C3%B3n-Estrat%C3%A9gica-2023-1.pdf||target:%20_blank|&#8221;][\/vc_column_inner][\/vc_row_inner][vc_row_inner][vc_column_inner][vc_btn title=&#8221;\u00a1 Reg\u00edstrate en el Doctorado en Administraci\u00f3n Estrat\u00e9gica !&#8221; color=&#8221;primary&#8221; size=&#8221;lg&#8221; align=&#8221;center&#8221; button_block=&#8221;true&#8221; link=&#8221;url:https%3A%2F%2Fposgrado.fca.uas.edu.mx%2Fregistro%2Fposgrado%2F||target:%20_blank|&#8221;][\/vc_column_inner][\/vc_row_inner][\/vc_column][\/vc_row][vc_row][vc_column][vc_text_separator title=&#8221;Resultados de Admisi\u00f3n&#8221; i_icon_fontawesome=&#8221;far fa-file-pdf&#8221; i_color=&#8221;juicy_pink&#8221; color=&#8221;sky&#8221; add_icon=&#8221;true&#8221;][\/vc_column][\/vc_row][vc_row][vc_column width=&#8221;1\/3&#8243;][\/vc_column][vc_column width=&#8221;1\/3&#8243;]\n<div\n\tclass=\"thim-sc-icon-box  layout-4 style_kit\">\n\t<a href=\"\/wp-content\/uploads\/2022\/08\/Resultados-DAE-4ta.-Generaci\u00f3n.pdf\" target=\" _blank\">\t<div class=\"icon-box-wrapper\" style=\"\">\n\t\t\t\t\t<div class=\"box-icon\" style=\"background-color: ;\">\n\t\t\t\t<i class=\"icon-fontawesome fas fa-chalkboard-teacher\" aria-hidden=\"true\"><\/i>\t\t\t<\/div>\n\t\t\t\t<div class=\"box-content\">\n\t\t\t\t\t\t\t<h3 class=\"title\">\n\t\t\t\t\tCONSULTA LOS RESULTADOS DE ADMISI\u00d3N\t\t\t\t<\/h3>\n\t\t\t\t\t\t\t\t<\/div>\n\t<\/div>\n\t<\/a><\/div>\n\n\n[\/vc_column][vc_column width=&#8221;1\/3&#8243;][\/vc_column][\/vc_row][vc_row][vc_column][vc_separator][\/vc_column][\/vc_row][\/vc_section][vc_section][vc_row][vc_column][vc_empty_space height=&#8221;50px&#8221;][vc_wp_text]<\/p>\n<p class=\"sub-title\" style=\"text-align: center;\">\u00a0\u00bfQU\u00c9 ESTAS ESPERANDO?<\/p>\n<h3 class=\"title\" style=\"text-align: center;\">\u00danete a nuestra comunidad de posgrado<\/h3>\n<p>[\/vc_wp_text][vc_empty_space]<div\n\tclass=\"thim-sc-button  show-separator center\">\n\t\t\t<a href=\"#contacto\" target=\"_self\"\n\t\t   class=\"btn btn-primary btn-lg\">\n\t\t\t<span class=\"text\">Cont\u00e1ctanos<\/span>\n\t\t<\/a>\n\t<\/div>\n[\/vc_column][\/vc_row][\/vc_section][vc_row][vc_column][vc_empty_space]<div\n\tclass=\"thim-sc-heading text-center layout-2 \">\n\t<div class=\"heading-content\">\n\n\t\t\n\t\t<h3 class=\"primary-heading\">Testimoniales<\/h3>\t<\/div>\n\t\t\t<p class=\"secondary-heading\">\n\t\t\t\u00a1Conoce las opiniones que tienen sobre nuestra instituci\u00f3n!\t\t<\/p>\n\t\t\t\t<span class=\"underline\"><\/span>\n\t<\/div>\n<div class=\"thim-sc-testimonials layout-1 \">\n\t<div class=\"slider-container\">\n\t<div class=\"slider owl-carousel\">\n\t\t\t\t\t<div class=\"item\">\n\t\t\t\t<div class=\"content\">\n\t\t\t\t\tUn excelente nivel acad\u00e9mico, felicidades al coordinador por su excelente trabajo.\t\t\t\t<\/div>\n\t\t\t\t<div class=\"user-info\">\n\t\t\t\t\t\t\t\t\t\t\tJose Rafael Izquierdo\t\t\t\t\t\t\t\t\t\t<span class=\"regency\"><\/span>\n\t\t\t\t<\/div>\n\t\t\t\t\t\t\t\t\t\t\t<\/div>\n\t\t\t\t\t<div class=\"item\">\n\t\t\t\t<div class=\"content\">\n\t\t\t\t\tCuentan con un plan de estudio muy completo y se mantienen a la vanguardia.\t\t\t\t<\/div>\n\t\t\t\t<div class=\"user-info\">\n\t\t\t\t\t\t\t\t\t\t\tBerta Gonzalez\t\t\t\t\t\t\t\t\t\t<span class=\"regency\"><\/span>\n\t\t\t\t<\/div>\n\t\t\t\t\t\t\t\t\t\t<div class=\"thim-sc-social-links\">\n\t\t\t\t\t\t\t<ul class=\"socials\">\n\t\t\t\t\t\t\t\t\t\t\t\t\t\t\t\t\t\t\t\t\t\t\t<\/ul>\n\t\t\t\t\t\t<\/div>\n\t\t\t\t\t\t\t\t\t\t\t\t<\/div>\n\t\t\t<\/div>\n\n\t<div class=\"slider-controls\">\n\t\t<a class=\"slider-left\" href=\"javascript:;\"><\/a>\n\t\t<a class=\"slider-right\" href=\"javascript:;\"><\/a>\n\t<\/div>\n\n\t<div class=\"thumbnail-slider owl-carousel\">\n\t\t\t\t\t<div class=\"item\">\n\t\t\t\t<div class=\"content\">\n\t\t\t\t\t<img width=\"68\" height=\"68\"  src=\"https:\/\/mae.posgrado.fca.uas.edu.mx\/wp-content\/uploads\/2020\/04\/silueta-hombre-68x68-1.png\" alt=\"silueta-hombre-68&#215;68\" class=\"\">\t\t\t\t<\/div>\n\t\t\t<\/div>\n\t\t\t\t\t<div class=\"item\">\n\t\t\t\t<div class=\"content\">\n\t\t\t\t\t<img width=\"68\" height=\"68\"  src=\"https:\/\/mae.posgrado.fca.uas.edu.mx\/wp-content\/uploads\/2020\/04\/silueta-mujer-68x68-1.png\" alt=\"silueta-mujer-68&#215;68\" class=\"\">\t\t\t\t<\/div>\n\t\t\t<\/div>\n\t\t\t<\/div>\n\n<\/div><\/div>\n[\/vc_column][\/vc_row][vc_section el_id=&#8221;Noticias&#8221;][vc_row disable_element=&#8221;yes&#8221;][vc_column width=&#8221;1\/2&#8243;][vc_single_image image=&#8221;8390&#8243; img_size=&#8221;full&#8221; alignment=&#8221;center&#8221; onclick=&#8221;link_image&#8221;][\/vc_column][vc_column width=&#8221;1\/2&#8243;][vc_wp_rss items=&#8221;4&#8243; options=&#8221;show_summary,show_date&#8221; url=&#8221;http:\/\/posnew.fca.uas.edu.mx\/index.php\/category\/mae\/&#8221;][\/vc_column][\/vc_row][vc_row disable_element=&#8221;yes&#8221;][vc_column][vc_single_image image=&#8221;8390&#8243; img_size=&#8221;full&#8221; alignment=&#8221;center&#8221; onclick=&#8221;link_image&#8221;][\/vc_column][\/vc_row][vc_row disable_element=&#8221;yes&#8221;][vc_column width=&#8221;1\/2&#8243;][vc_single_image image=&#8221;8495&#8243; img_size=&#8221;full&#8221; alignment=&#8221;center&#8221; onclick=&#8221;link_image&#8221;][\/vc_column][vc_column width=&#8221;1\/2&#8243;][vc_single_image image=&#8221;8485&#8243; img_size=&#8221;full&#8221; alignment=&#8221;center&#8221; onclick=&#8221;link_image&#8221;][\/vc_column][\/vc_row][vc_row disable_element=&#8221;yes&#8221;][vc_column width=&#8221;1\/2&#8243;][vc_raw_html]JTNDYSUyMHR5cGUlM0QlMjJidXR0b24lMjIlMjBjbGFzcyUzRCUyMmJ0biUyMGJ0bi1wcmltYXJ5JTIwYnRuLWxnJTIwYnRuLWJsb2NrJTIyJTIwaHJlZiUzRCUyMiUyRndwLWNvbnRlbnQlMkZ1cGxvYWRzJTJGMjAyMSUyRjExJTJGQ29udm9jYXRvcmlhLURBRS0xLnBkZiUyMiUyMHRhcmdldCUzRCUyMl9ibGFuayUyMiUzRSUzQ2klMjBjbGFzcyUzRCUyMmZhJTIwZmEtZmlsZS1wZGYtbyUyMGZhLWxnJTIyJTNFJTNDJTJGaSUzRSUyMERlc2NhcmdhciUyMGNvbnZvY2F0b3JpYSUzQyUyRmElM0U=[\/vc_raw_html][\/vc_column][vc_column width=&#8221;1\/2&#8243;][vc_raw_html]JTNDYSUyMHR5cGUlM0QlMjJidXR0b24lMjIlMjBjbGFzcyUzRCUyMmJ0biUyMGJ0bi1wcmltYXJ5JTIwYnRuLWxnJTIwYnRuLWJsb2NrJTIyJTIwaHJlZiUzRCUyMiUyRndwLWNvbnRlbnQlMkZ1cGxvYWRzJTJGMjAyMSUyRjEwJTJGQ2FydGEtY29tcHJvbWlzby1EZWRpY2FjaSVDMyVCM24tVEMtREFFLTR0YS4tR2VuLmRvY3glMjIlM0UlM0NpJTIwY2xhc3MlM0QlMjJmYSUyMGZhLWZpbGUtd29yZC1vJTIwZmEtbGclMjIlM0UlM0MlMkZpJTNFJTIwRGVzY2FyZ2FyJTIwY2FydGElMjBjb21wcm9taXNvJTNDJTJGYSUzRQ==[\/vc_raw_html][\/vc_column][\/vc_row][vc_row disable_element=&#8221;yes&#8221;][vc_column][vc_column_text]<\/p>\n<button class=\"pum-trigger  popmake-8403 btn btn-primary btn-lg btn-block\"  data-do-default=\"\">\u00a1 Reg\u00edstrate en el Doctorado en Administraci\u00f3n Estrat\u00e9gica 2022 &#8211; 2026 aqu\u00ed !<\/button>\n<p>[\/vc_column_text][\/vc_column][\/vc_row][\/vc_section][vc_section el_id=&#8221;contacto&#8221;][vc_row][vc_column]<div\n\tclass=\"thim-sc-heading text-center layout-2 \">\n\t<div class=\"heading-content\">\n\n\t\t\n\t\t<h3 class=\"primary-heading\">Cont\u00e1ctanos<\/h3>\t<\/div>\n\t\t\t<p class=\"secondary-heading\">\n\t\t\t\u00bfQuieres contactarnos? Utiliza los siguientes medios\t\t<\/p>\n\t\t\t\t<span class=\"underline\"><\/span>\n\t<\/div>\n[\/vc_column][\/vc_row][vc_row][vc_column width=&#8221;1\/2&#8243;][vc_raw_html]JTNDaWZyYW1lJTIwc3JjJTNEJTIyaHR0cHMlM0ElMkYlMkZ3d3cuZ29vZ2xlLmNvbSUyRm1hcHMlMkZlbWJlZCUzRnBiJTNEJTIxMW0xOCUyMTFtMTIlMjExbTMlMjExZDM2MjEuMDE2MzI3MTczNjIwNSUyMTJkLTEwNy4zODU3MjYwODU1MjMwNiUyMTNkMjQuODI5MTE1MjUyNjI5MTg3JTIxMm0zJTIxMWYwJTIxMmYwJTIxM2YwJTIxM20yJTIxMWkxMDI0JTIxMmk3NjglMjE0ZjEzLjElMjEzbTMlMjExbTIlMjExczB4ODZiY2Q5ZjdlYjFjZTljNSUyNTNBMHg1ZjhmYjYwZDM3NDZkZmY0JTIxMnNQb3NncmFkbyUyNTIwRkNBJTI1MjBOZWdvY2lvJTI1MjB5JTI1MjBDb21lcmNpbyUyNTIwSW50ZXJuYWNpb25hbCUyMTVlMCUyMTNtMiUyMTFzZXMlMjEyc214JTIxNHYxNTg4MjI1OTkxODc2JTIxNW0yJTIxMXNlcyUyMTJzbXglMjIlMjB3aWR0aCUzRCUyMjEwMCUyNSUyMiUyMGhlaWdodCUzRCUyMjQ1MCUyMiUyMGZyYW1lYm9yZGVyJTNEJTIyMCUyMiUyMHN0eWxlJTNEJTIyYm9yZGVyJTNBMCUzQiUyMiUyMGFsbG93ZnVsbHNjcmVlbiUzRCUyMiUyMiUyMGFyaWEtaGlkZGVuJTNEJTIyZmFsc2UlMjIlMjB0YWJpbmRleCUzRCUyMjAlMjIlM0UlM0MlMkZpZnJhbWUlM0U=[\/vc_raw_html][\/vc_column][vc_column width=&#8221;1\/2&#8243;]<div role=\"form\" class=\"wpcf7\" id=\"wpcf7-f7837-o1\" lang=\"es-MX\" dir=\"ltr\">\n<div class=\"screen-reader-response\"><\/div>\n<form action=\"\/index.php\/wp-json\/wp\/v2\/pages\/7761#wpcf7-f7837-o1\" method=\"post\" class=\"wpcf7-form\" novalidate=\"novalidate\">\n<div style=\"display: none;\">\n<input type=\"hidden\" name=\"_wpcf7\" value=\"7837\" \/>\n<input type=\"hidden\" name=\"_wpcf7_version\" value=\"5.1.7\" \/>\n<input type=\"hidden\" name=\"_wpcf7_locale\" value=\"es_MX\" \/>\n<input type=\"hidden\" name=\"_wpcf7_unit_tag\" value=\"wpcf7-f7837-o1\" \/>\n<input type=\"hidden\" name=\"_wpcf7_container_post\" value=\"0\" \/>\n<\/div>\n<div class=\"row\">\n<div class=\"col-xs-12 col-sm-4\"><span class=\"wpcf7-form-control-wrap your-name\"><input type=\"text\" name=\"your-name\" value=\"\" size=\"40\" class=\"wpcf7-form-control wpcf7-text wpcf7-validates-as-required\" aria-required=\"true\" aria-invalid=\"false\" placeholder=\"Nombre\" \/><\/span><\/div>\n<div class=\"col-xs-12 col-sm-4\"><span class=\"wpcf7-form-control-wrap your-email\"><input type=\"email\" name=\"your-email\" value=\"\" size=\"40\" class=\"wpcf7-form-control wpcf7-text wpcf7-email wpcf7-validates-as-required wpcf7-validates-as-email\" aria-required=\"true\" aria-invalid=\"false\" placeholder=\"Correo\" \/><\/span><\/div>\n<div class=\"col-xs-12 col-sm-4\"><span class=\"wpcf7-form-control-wrap your-subject\"><input type=\"text\" name=\"your-subject\" value=\"\" size=\"40\" class=\"wpcf7-form-control wpcf7-text wpcf7-validates-as-required\" aria-required=\"true\" aria-invalid=\"false\" placeholder=\"Asunto\" \/><\/span><\/div>\n<\/div>\n<div class=\"row\">\n<div class=\"col\">\n<span class=\"wpcf7-form-control-wrap your-message\"><textarea name=\"your-message\" cols=\"40\" rows=\"10\" class=\"wpcf7-form-control wpcf7-textarea wpcf7-validates-as-required\" aria-required=\"true\" aria-invalid=\"false\" placeholder=\"Mensaje\"><\/textarea><\/span>\n<\/div>\n<\/div>\n<div class=\"heading-button\"><input type=\"submit\" value=\"Enviar Mensaje\" class=\"wpcf7-form-control wpcf7-submit\" \/><\/div>\n<input type='hidden' class='wpcf7-pum' value='{\"closepopup\":false,\"closedelay\":0,\"openpopup\":false,\"openpopup_id\":0}' \/><div class=\"wpcf7-response-output wpcf7-display-none\"><\/div><\/form><\/div>[\/vc_column][\/vc_row][\/vc_section]<\/p>\n","protected":false},"excerpt":{"rendered":"<p>[vc_section full_width=&#8221;stretch_row_content&#8221; css=&#8221;.vc_custom_1588229915501{background: #d3d3d3 url(https:\/\/mae.posgrado.fca.uas.edu.mx\/wp-content\/uploads\/2020\/04\/banner-posgrado-dae.jpg?id=7904) !important;background-position: center !important;background-repeat: no-repeat !important;background-size: cover !important;}&#8221;][vc_row full_width=&#8221;stretch_row&#8221; full_height=&#8221;yes&#8221;][vc_column][vc_empty_space height=&#8221;88px&#8221;][vc_wp_text] Maestr\u00eda en Administraci\u00f3n Estrat\u00e9gica Programa&#8230;<\/p>\n","protected":false},"author":1,"featured_media":0,"parent":0,"menu_order":0,"comment_status":"closed","ping_status":"closed","template":"templates\/home-page.php","meta":[],"_links":{"self":[{"href":"https:\/\/mae.posgrado.fca.uas.edu.mx\/index.php\/wp-json\/wp\/v2\/pages\/7761"}],"collection":[{"href":"https:\/\/mae.posgrado.fca.uas.edu.mx\/index.php\/wp-json\/wp\/v2\/pages"}],"about":[{"href":"https:\/\/mae.posgrado.fca.uas.edu.mx\/index.php\/wp-json\/wp\/v2\/types\/page"}],"author":[{"embeddable":true,"href":"https:\/\/mae.posgrado.fca.uas.edu.mx\/index.php\/wp-json\/wp\/v2\/users\/1"}],"replies":[{"embeddable":true,"href":"https:\/\/mae.posgrado.fca.uas.edu.mx\/index.php\/wp-json\/wp\/v2\/comments?post=7761"}],"version-history":[{"count":126,"href":"https:\/\/mae.posgrado.fca.uas.edu.mx\/index.php\/wp-json\/wp\/v2\/pages\/7761\/revisions"}],"predecessor-version":[{"id":8596,"href":"https:\/\/mae.posgrado.fca.uas.edu.mx\/index.php\/wp-json\/wp\/v2\/pages\/7761\/revisions\/8596"}],"wp:attachment":[{"href":"https:\/\/mae.posgrado.fca.uas.edu.mx\/index.php\/wp-json\/wp\/v2\/media?parent=7761"}],"curies":[{"name":"wp","href":"https:\/\/api.w.org\/{rel}","templated":true}]}}