{"id":8067,"date":"2020-05-04T02:27:32","date_gmt":"2020-05-04T02:27:32","guid":{"rendered":"https:\/\/dae.posgrado.fca.uas.edu.mx\/?page_id=8067"},"modified":"2020-05-04T02:27:32","modified_gmt":"2020-05-04T02:27:32","slug":"seguimiento-de-egresados","status":"publish","type":"page","link":"https:\/\/mae.posgrado.fca.uas.edu.mx\/index.php\/seguimiento-de-egresados\/","title":{"rendered":"Seguimiento de Egresados"},"content":{"rendered":"<p>[vc_row][vc_column]<div\n\tclass=\"thim-sc-heading text-center layout-2 \">\n\t<div class=\"heading-content\">\n\n\t\t\n\t\t<h3 class=\"primary-heading\">Seguimiento de Egresados<\/h3>\t<\/div>\n\t\t\t\t<span class=\"underline\"><\/span>\n\t<\/div>\n[vc_column_text]En este bloque estar\u00e1n colocadas las encuestas pertinentes al Doctorado en Administraci\u00f3n Estrat\u00e9gica para manejar el seguimiento de egresados.[\/vc_column_text][\/vc_column][\/vc_row]<\/p>\n","protected":false},"excerpt":{"rendered":"<p>[vc_row][vc_column][vc_column_text]En este bloque estar\u00e1n colocadas las encuestas pertinentes al Doctorado en Administraci\u00f3n Estrat\u00e9gica para manejar el seguimiento de egresados.[\/vc_column_text][\/vc_column][\/vc_row]<\/p>\n","protected":false},"author":1,"featured_media":0,"parent":0,"menu_order":0,"comment_status":"closed","ping_status":"closed","template":"","meta":[],"_links":{"self":[{"href":"https:\/\/mae.posgrado.fca.uas.edu.mx\/index.php\/wp-json\/wp\/v2\/pages\/8067"}],"collection":[{"href":"https:\/\/mae.posgrado.fca.uas.edu.mx\/index.php\/wp-json\/wp\/v2\/pages"}],"about":[{"href":"https:\/\/mae.posgrado.fca.uas.edu.mx\/index.php\/wp-json\/wp\/v2\/types\/page"}],"author":[{"embeddable":true,"href":"https:\/\/mae.posgrado.fca.uas.edu.mx\/index.php\/wp-json\/wp\/v2\/users\/1"}],"replies":[{"embeddable":true,"href":"https:\/\/mae.posgrado.fca.uas.edu.mx\/index.php\/wp-json\/wp\/v2\/comments?post=8067"}],"version-history":[{"count":1,"href":"https:\/\/mae.posgrado.fca.uas.edu.mx\/index.php\/wp-json\/wp\/v2\/pages\/8067\/revisions"}],"predecessor-version":[{"id":8068,"href":"https:\/\/mae.posgrado.fca.uas.edu.mx\/index.php\/wp-json\/wp\/v2\/pages\/8067\/revisions\/8068"}],"wp:attachment":[{"href":"https:\/\/mae.posgrado.fca.uas.edu.mx\/index.php\/wp-json\/wp\/v2\/media?parent=8067"}],"curies":[{"name":"wp","href":"https:\/\/api.w.org\/{rel}","templated":true}]}}